{"id":133,"date":"2025-09-22T11:21:11","date_gmt":"2025-09-22T11:21:11","guid":{"rendered":"https:\/\/artex.si\/aktualno\/?page_id=133"},"modified":"2025-12-15T12:33:34","modified_gmt":"2025-12-15T12:33:34","slug":"elementor-133","status":"publish","type":"page","link":"https:\/\/artex.si\/aktualno\/","title":{"rendered":"AKTUALNO IZ ARTEX-a"},"content":{"rendered":"\t\t<div data-elementor-type=\"wp-page\" data-elementor-id=\"133\" class=\"elementor elementor-133\" data-elementor-post-type=\"page\">\n\t\t\t\t<div class=\"elementor-element elementor-element-8aed004 e-flex e-con-boxed e-con e-parent\" data-id=\"8aed004\" data-element_type=\"container\">\n\t\t\t\t\t<div class=\"e-con-inner\">\n\t\t\t\t<div class=\"elementor-element elementor-element-6280b59 elementor-widget elementor-widget-hfe-basic-posts\" data-id=\"6280b59\" data-element_type=\"widget\" data-widget_type=\"hfe-basic-posts.default\">\n\t\t\t\t<div class=\"elementor-widget-container\">\n\t\t\t\t\t\n<div class=\"hfe-posts-grid\">\n\t\t\t<article class=\"hfe-post-card\">\n\t\t\t\t\t\t\t<div class=\"hfe-post-image\">\n\t\t\t\t\t<a href=\"https:\/\/artex.si\/aktualno\/2026\/04\/10\/vertikalna-optimizacija-skladisca-kdaj-se-podestni-sistem-izplaca-bolj-kot-siritev-objekta\/\" rel=\"bookmark\">\n\t\t\t\t\t\t<img loading=\"lazy\" decoding=\"async\" width=\"150\" height=\"150\" src=\"https:\/\/artex.si\/aktualno\/wp-content\/uploads\/2026\/04\/ARTEx-clanek-naslovnica1-150x150.jpg\" class=\"attachment-thumbnail size-thumbnail wp-post-image\" alt=\"VERTIKALNA OPTIMIZACIJA SKLADI\u0160\u010cA: KDAJ SE PODESTNI SISTEM IZPLA\u010cA BOLJ KOT \u0160IRITEV OBJEKTA?\" loading=\"lazy\" \/>\t\t\t\t\t<\/a>\n\t\t\t\t<\/div>\n\t\t\t\n\t\t\t<div class=\"hfe-post-content\">\n\t\t\t\t\t\t\t\t\t<h3 class=\"hfe-post-title\">\n\t\t\t\t\t\t<a href=\"https:\/\/artex.si\/aktualno\/2026\/04\/10\/vertikalna-optimizacija-skladisca-kdaj-se-podestni-sistem-izplaca-bolj-kot-siritev-objekta\/\" rel=\"bookmark\">\n\t\t\t\t\t\t\tVERTIKALNA OPTIMIZACIJA SKLADI\u0160\u010cA: KDAJ SE PODESTNI SISTEM IZPLA\u010cA BOLJ KOT \u0160IRITEV OBJEKTA?\t\t\t\t\t\t<\/a>\n\t\t\t\t\t<\/h3>\n\t\t\t\t\n\t\t\t\t\t\t\t\t\t<div class=\"hfe-post-meta\">\n\t\t\t\t\t\t<span class=\"hfe-post-date\">10 aprila, 2026<\/span>\t\t\t\t\t<\/div>\n\t\t\t\t\n\t\t\t\t\t\t\t\t\t<div class=\"hfe-post-excerpt\">\n\t\t\t\t\t\tPodestni sistemi za regale Megarack in Maxirack \u2013 ko vi\u0161ina postane skladi\u0161\u010dna kapaciteta V mnogih skladi\u0161\u010dih je najve\u010dja \u201cneizkori\u0161\u010dena povr\u0161ina\u201d...\t\t\t\t\t<\/div>\n\t\t\t\t\n\t\t\t\t\t\t\t\t\t<a href=\"https:\/\/artex.si\/aktualno\/2026\/04\/10\/vertikalna-optimizacija-skladisca-kdaj-se-podestni-sistem-izplaca-bolj-kot-siritev-objekta\/\" class=\"hfe-read-more\" rel=\"bookmark\">\n\t\t\t\t\t\tPreberi ve\u010d \u2192\t\t\t\t\t<\/a>\n\t\t\t\t\t\t\t<\/div>\n\t\t<\/article>\n\t\t\t\t<article class=\"hfe-post-card\">\n\t\t\t\t\t\t\t<div class=\"hfe-post-image\">\n\t\t\t\t\t<a href=\"https:\/\/artex.si\/aktualno\/2026\/03\/06\/ali-deluje-vase-podjetje-na-potresno-aktivnem-obmocju-menite-da-to-pri-regalni-kon-strukciji-ni-pomembno\/\" rel=\"bookmark\">\n\t\t\t\t\t\t<img loading=\"lazy\" decoding=\"async\" width=\"150\" height=\"150\" src=\"https:\/\/artex.si\/aktualno\/wp-content\/uploads\/2026\/03\/Kopija-izdelka-ARTEx-clanek-naslovnica-150x150.jpg\" class=\"attachment-thumbnail size-thumbnail wp-post-image\" alt=\"Ali deluje va\u0161e podjetje na potresno aktivnem obmo\u010dju, menite da to pri regalni kon-strukciji ni pomembno?\" loading=\"lazy\" \/>\t\t\t\t\t<\/a>\n\t\t\t\t<\/div>\n\t\t\t\n\t\t\t<div class=\"hfe-post-content\">\n\t\t\t\t\t\t\t\t\t<h3 class=\"hfe-post-title\">\n\t\t\t\t\t\t<a href=\"https:\/\/artex.si\/aktualno\/2026\/03\/06\/ali-deluje-vase-podjetje-na-potresno-aktivnem-obmocju-menite-da-to-pri-regalni-kon-strukciji-ni-pomembno\/\" rel=\"bookmark\">\n\t\t\t\t\t\t\tAli deluje va\u0161e podjetje na potresno aktivnem obmo\u010dju, menite da to pri regalni kon-strukciji ni pomembno?\t\t\t\t\t\t<\/a>\n\t\t\t\t\t<\/h3>\n\t\t\t\t\n\t\t\t\t\t\t\t\t\t<div class=\"hfe-post-meta\">\n\t\t\t\t\t\t<span class=\"hfe-post-date\">6 marca, 2026<\/span>\t\t\t\t\t<\/div>\n\t\t\t\t\n\t\t\t\t\t\t\t\t\t<div class=\"hfe-post-excerpt\">\n\t\t\t\t\t\tKako vam lahko Artex pomaga pri tem. V logistiki radi govorimo o procesih, tehnologiji in avtomatizaciji. Redkeje pa se pogovarjamo...\t\t\t\t\t<\/div>\n\t\t\t\t\n\t\t\t\t\t\t\t\t\t<a href=\"https:\/\/artex.si\/aktualno\/2026\/03\/06\/ali-deluje-vase-podjetje-na-potresno-aktivnem-obmocju-menite-da-to-pri-regalni-kon-strukciji-ni-pomembno\/\" class=\"hfe-read-more\" rel=\"bookmark\">\n\t\t\t\t\t\tPreberi ve\u010d \u2192\t\t\t\t\t<\/a>\n\t\t\t\t\t\t\t<\/div>\n\t\t<\/article>\n\t\t\t\t<article class=\"hfe-post-card\">\n\t\t\t\t\t\t\t<div class=\"hfe-post-image\">\n\t\t\t\t\t<a href=\"https:\/\/artex.si\/aktualno\/2026\/02\/05\/zakaj-ni-vseeno-kaksne-regale-izberete\/\" rel=\"bookmark\">\n\t\t\t\t\t\t<img loading=\"lazy\" decoding=\"async\" width=\"150\" height=\"150\" src=\"https:\/\/artex.si\/aktualno\/wp-content\/uploads\/2026\/02\/image-150x150.png\" class=\"attachment-thumbnail size-thumbnail wp-post-image\" alt=\"ZAKAJ NI VSEENO KAK\u0160NE REGALE IZBERETE!\" loading=\"lazy\" \/>\t\t\t\t\t<\/a>\n\t\t\t\t<\/div>\n\t\t\t\n\t\t\t<div class=\"hfe-post-content\">\n\t\t\t\t\t\t\t\t\t<h3 class=\"hfe-post-title\">\n\t\t\t\t\t\t<a href=\"https:\/\/artex.si\/aktualno\/2026\/02\/05\/zakaj-ni-vseeno-kaksne-regale-izberete\/\" rel=\"bookmark\">\n\t\t\t\t\t\t\tZAKAJ NI VSEENO KAK\u0160NE REGALE IZBERETE!\t\t\t\t\t\t<\/a>\n\t\t\t\t\t<\/h3>\n\t\t\t\t\n\t\t\t\t\t\t\t\t\t<div class=\"hfe-post-meta\">\n\t\t\t\t\t\t<span class=\"hfe-post-date\">5 februarja, 2026<\/span>\t\t\t\t\t<\/div>\n\t\t\t\t\n\t\t\t\t\t\t\t\t\t<div class=\"hfe-post-excerpt\">\n\t\t\t\t\t\tO izbiri med paletnimi, poli\u010dnimi in podestnimi sistemi ter o tem, zakaj kakovost dolgoro\u010dno odlo\u010da. V \u0161tevilnih podjetjih so regali...\t\t\t\t\t<\/div>\n\t\t\t\t\n\t\t\t\t\t\t\t\t\t<a href=\"https:\/\/artex.si\/aktualno\/2026\/02\/05\/zakaj-ni-vseeno-kaksne-regale-izberete\/\" class=\"hfe-read-more\" rel=\"bookmark\">\n\t\t\t\t\t\tPreberi ve\u010d \u2192\t\t\t\t\t<\/a>\n\t\t\t\t\t\t\t<\/div>\n\t\t<\/article>\n\t\t\t\t<article class=\"hfe-post-card\">\n\t\t\t\n\t\t\t<div class=\"hfe-post-content\">\n\t\t\t\t\t\t\t\t\t<h3 class=\"hfe-post-title\">\n\t\t\t\t\t\t<a href=\"https:\/\/artex.si\/aktualno\/2026\/01\/12\/kam-gredo-skladisca-po-letu-2030\/\" rel=\"bookmark\">\n\t\t\t\t\t\t\tKam gredo skladi\u0161\u010da po letu 2030?\t\t\t\t\t\t<\/a>\n\t\t\t\t\t<\/h3>\n\t\t\t\t\n\t\t\t\t\t\t\t\t\t<div class=\"hfe-post-meta\">\n\t\t\t\t\t\t<span class=\"hfe-post-date\">12 januarja, 2026<\/span>\t\t\t\t\t<\/div>\n\t\t\t\t\n\t\t\t\t\t\t\t\t\t<div class=\"hfe-post-excerpt\">\n\t\t\t\t\t\tPrihodnost logistike v Evropi in Sloveniji med avtomatizacijo in \u201cproizvodnjo za Evropo v Evropi\u201d V zadnjih letih so globalne dobavne...\t\t\t\t\t<\/div>\n\t\t\t\t\n\t\t\t\t\t\t\t\t\t<a href=\"https:\/\/artex.si\/aktualno\/2026\/01\/12\/kam-gredo-skladisca-po-letu-2030\/\" class=\"hfe-read-more\" rel=\"bookmark\">\n\t\t\t\t\t\tPreberi ve\u010d \u2192\t\t\t\t\t<\/a>\n\t\t\t\t\t\t\t<\/div>\n\t\t<\/article>\n\t\t\t\t<article class=\"hfe-post-card\">\n\t\t\t\t\t\t\t<div class=\"hfe-post-image\">\n\t\t\t\t\t<a href=\"https:\/\/artex.si\/aktualno\/2025\/12\/23\/kako-pripraviti-skladisce-na-leto-2026-ko-se-leto-2025-zakljucuje\/\" rel=\"bookmark\">\n\t\t\t\t\t\t<img loading=\"lazy\" decoding=\"async\" width=\"150\" height=\"150\" src=\"https:\/\/artex.si\/aktualno\/wp-content\/uploads\/2025\/12\/naslovnica-artex-skadisce-na-leto-2026-150x150.jpg\" class=\"attachment-thumbnail size-thumbnail wp-post-image\" alt=\"Kako pripraviti skladi\u0161\u010de na leto 2026, ko se leto 2025 zaklju\u010duje?\" loading=\"lazy\" \/>\t\t\t\t\t<\/a>\n\t\t\t\t<\/div>\n\t\t\t\n\t\t\t<div class=\"hfe-post-content\">\n\t\t\t\t\t\t\t\t\t<h3 class=\"hfe-post-title\">\n\t\t\t\t\t\t<a href=\"https:\/\/artex.si\/aktualno\/2025\/12\/23\/kako-pripraviti-skladisce-na-leto-2026-ko-se-leto-2025-zakljucuje\/\" rel=\"bookmark\">\n\t\t\t\t\t\t\tKako pripraviti skladi\u0161\u010de na leto 2026, ko se leto 2025 zaklju\u010duje?\t\t\t\t\t\t<\/a>\n\t\t\t\t\t<\/h3>\n\t\t\t\t\n\t\t\t\t\t\t\t\t\t<div class=\"hfe-post-meta\">\n\t\t\t\t\t\t<span class=\"hfe-post-date\">23 decembra, 2025<\/span>\t\t\t\t\t<\/div>\n\t\t\t\t\n\t\t\t\t\t\t\t\t\t<div class=\"hfe-post-excerpt\">\n\t\t\t\t\t\tKonec leta je za skladi\u0161\u010de odli\u010dna prilo\u017enost, da ni samo operativni stro\u0161ek, ampak na\u010drtovan projekt za leto 2026. Ravno v...\t\t\t\t\t<\/div>\n\t\t\t\t\n\t\t\t\t\t\t\t\t\t<a href=\"https:\/\/artex.si\/aktualno\/2025\/12\/23\/kako-pripraviti-skladisce-na-leto-2026-ko-se-leto-2025-zakljucuje\/\" class=\"hfe-read-more\" rel=\"bookmark\">\n\t\t\t\t\t\tPreberi ve\u010d \u2192\t\t\t\t\t<\/a>\n\t\t\t\t\t\t\t<\/div>\n\t\t<\/article>\n\t\t\t\t<article class=\"hfe-post-card\">\n\t\t\t\t\t\t\t<div class=\"hfe-post-image\">\n\t\t\t\t\t<a href=\"https:\/\/artex.si\/aktualno\/2025\/12\/03\/digitalna-transformacija-podjetja-artex-d-o-o\/\" rel=\"bookmark\">\n\t\t\t\t\t\t<img loading=\"lazy\" decoding=\"async\" width=\"150\" height=\"150\" src=\"https:\/\/artex.si\/aktualno\/wp-content\/uploads\/2025\/12\/logotipi-EU-projekt-2025-150x150.png\" class=\"attachment-thumbnail size-thumbnail wp-post-image\" alt=\"Digitalna transformacija podjetja Artex d.o.o.\" loading=\"lazy\" \/>\t\t\t\t\t<\/a>\n\t\t\t\t<\/div>\n\t\t\t\n\t\t\t<div class=\"hfe-post-content\">\n\t\t\t\t\t\t\t\t\t<h3 class=\"hfe-post-title\">\n\t\t\t\t\t\t<a href=\"https:\/\/artex.si\/aktualno\/2025\/12\/03\/digitalna-transformacija-podjetja-artex-d-o-o\/\" rel=\"bookmark\">\n\t\t\t\t\t\t\tDigitalna transformacija podjetja Artex d.o.o.\t\t\t\t\t\t<\/a>\n\t\t\t\t\t<\/h3>\n\t\t\t\t\n\t\t\t\t\t\t\t\t\t<div class=\"hfe-post-meta\">\n\t\t\t\t\t\t<span class=\"hfe-post-date\">3 decembra, 2025<\/span>\t\t\t\t\t<\/div>\n\t\t\t\t\n\t\t\t\t\t\t\t\t\t<div class=\"hfe-post-excerpt\">\n\t\t\t\t\t\tOpis projekta: Podjetje Artex d.o.o. je pridobilo subvencijo v okviru javnega razpisa \u00bbSpodbude za digitalno transformacijo MSP (P4D 2025)\u00ab, namenjeno...\t\t\t\t\t<\/div>\n\t\t\t\t\n\t\t\t\t\t\t\t\t\t<a href=\"https:\/\/artex.si\/aktualno\/2025\/12\/03\/digitalna-transformacija-podjetja-artex-d-o-o\/\" class=\"hfe-read-more\" rel=\"bookmark\">\n\t\t\t\t\t\tPreberi ve\u010d \u2192\t\t\t\t\t<\/a>\n\t\t\t\t\t\t\t<\/div>\n\t\t<\/article>\n\t\t<\/div>\n\t\t\t\t<\/div>\n\t\t\t\t<\/div>\n\t\t\t\t\t<\/div>\n\t\t\t\t<\/div>\n\t\t\t\t<\/div>\n\t\t","protected":false},"excerpt":{"rendered":"<p>TRENDI V SKLADI\u0160\u010cNI LOGISTIKI IN PRIMERI DOBRE PRAKSE \u2013 STROKOVNO SRE\u010cANJE 5 decembra, 2024 Pove\u017eimo se \u2013 prihodnost logistike gradimo skupaj! Preberi ve\u010d \u2192 ARTEX &#8211; sponzor logisti\u010dnega kongresa 1 marca, 2023 Z veseljem sporo\u010damo, da se bomo udele\u017eili jubilejnega 10. Mednarodnega logisti\u010dne kongresa, ki bo potekal od 5. do 7. aprila&#8230; Preberi ve\u010d \u2192 [&hellip;]<\/p>\n","protected":false},"author":1,"featured_media":0,"parent":0,"menu_order":0,"comment_status":"closed","ping_status":"closed","template":"","meta":{"footnotes":""},"class_list":["post-133","page","type-page","status-publish","hentry"],"_links":{"self":[{"href":"https:\/\/artex.si\/aktualno\/wp-json\/wp\/v2\/pages\/133","targetHints":{"allow":["GET"]}}],"collection":[{"href":"https:\/\/artex.si\/aktualno\/wp-json\/wp\/v2\/pages"}],"about":[{"href":"https:\/\/artex.si\/aktualno\/wp-json\/wp\/v2\/types\/page"}],"author":[{"embeddable":true,"href":"https:\/\/artex.si\/aktualno\/wp-json\/wp\/v2\/users\/1"}],"replies":[{"embeddable":true,"href":"https:\/\/artex.si\/aktualno\/wp-json\/wp\/v2\/comments?post=133"}],"version-history":[{"count":11,"href":"https:\/\/artex.si\/aktualno\/wp-json\/wp\/v2\/pages\/133\/revisions"}],"predecessor-version":[{"id":162,"href":"https:\/\/artex.si\/aktualno\/wp-json\/wp\/v2\/pages\/133\/revisions\/162"}],"wp:attachment":[{"href":"https:\/\/artex.si\/aktualno\/wp-json\/wp\/v2\/media?parent=133"}],"curies":[{"name":"wp","href":"https:\/\/api.w.org\/{rel}","templated":true}]}}